{"id":19,"date":"2011-06-03T17:25:38","date_gmt":"2011-06-03T15:25:38","guid":{"rendered":"http:\/\/camilavargas.com\/_b\/?page_id=19"},"modified":"2013-05-07T23:07:31","modified_gmt":"2013-05-07T21:07:31","slug":"trayectoria","status":"publish","type":"page","link":"https:\/\/camilavargas.com\/remo\/trayectoria","title":{"rendered":"Trayectoria"},"content":{"rendered":"<h1><img loading=\"lazy\" decoding=\"async\" alt=\"Trayectoria\" src=\"..\/..\/images\/medal_gold_1.png\" width=\"16\" height=\"16\" \/> Trayectoria Deportiva<\/h1>\n<div>\n<p>&nbsp;<\/p>\n<p>Camila Vargas, hija de madre salvadore\u00f1a, Carmen Eugenia Palomo y padre venezolano, Rafael Vargas, naci\u00f3 en el Estado Falc\u00f3n, Venezuela el 22 de septiembre de 1986. Forj\u00f3 su infancia en \u00e9se pueblo caluroso pero fresco de actividades deportivas y culturales que terminaron de formar a\u00a0 la mujer que es hoy en d\u00eda.<\/p>\n<p>En el a\u00f1o 2004 se muda a San Salvador, El Salvador, donde decidi\u00f3 unirse al Club de Remo Salvadore\u00f1o. Con 18 a\u00f1os se dio cuenta que el remo formar\u00eda parte fundamental de su vida. Su primer mundial fue en Jap\u00f3n, en el a\u00f1o 2005. La ciudad de Gifu se convirti\u00f3 en la telonera de muchas regatas internacionales en las cuales la joven Camila llegar\u00eda a formarse. A ra\u00edz de su progreso en en mundo del remo, Camila se muda a Sevilla, Espa\u00f1a con un convenio que estaba abierto en ese entonces entre Latinoam\u00e9rica y Espa\u00f1a, donde le permitir\u00eda crecer y abrirse camino en su deporte.<\/p>\n<p>A pasos gigantes el nombre de Camila Vargas se va conociendo no solo en El Salvador, sino en el resto de Latinoam\u00e9rica y Espa\u00f1a. A fines de 2008 se muda de regreso a San Salvador, El Salvador y retoma sus estudios de Arquitectura. Hace un traspaso de materias para terminar su carrera acad\u00e9mica en Sevilla, donde desde el 2012, luego de los Juegos Ol\u00edmpicos de Londres, reanuda sus estudios donde hasta hoy sigue en curso en la Universidad de Sevilla en Espa\u00f1a.<\/p>\n<h1>INTERNACIONAL<\/h1>\n<h2><\/h2>\n<h2>2013<\/h2>\n<ul>\n<li>Open de Catalu\u00f1a.<br \/>\n1\u00ba puesto en Ocho femenino (W8)<\/li>\n<\/ul>\n<p>&nbsp;<\/p>\n<h2>2012<\/h2>\n<ul>\n<li>Juegos Ol\u00edmpicos de Londres 2012 (agosto-septiembre 2012)<br \/>\n16\u00ba puesto en single abierto femenino (W1x.). Final C.<\/li>\n<\/ul>\n<ul>\n<li>Regata Royal de Henley, Inglaterra (julio 2012)<br \/>\nClasificaci\u00f3n a semifinales<\/li>\n<\/ul>\n<ul>\n<li>Tercera Copa del Mundo Munich, Alemania (junio 2012)<br \/>\n18\u00ba puesto en W1x.. Final C.<\/li>\n<\/ul>\n<ul>\n<li>Preol\u00edmpico Tigre, Argentina. (Marzo 2012)<br \/>\n2\u00b0 puesto en W1x. Final A.<\/li>\n<\/ul>\n<p>&nbsp;<\/p>\n<h2>2011<\/h2>\n<ul>\n<li>Panamericano Guadalajara, M\u00e9xico (octubre 2011)<br \/>\n5\u00ba puesto en W1x.. Final A.<\/li>\n<\/ul>\n<ul>\n<li>Mundial de Remo Ol\u00edmpico. Bled, Eslovenia (septiembre 2011)<br \/>\n16\u00ba puesto en W1x.. Final C.<\/li>\n<\/ul>\n<ul>\n<li>III Copa del mundo Lucerna, Suiza.<br \/>\n25\u00ba puesto en W1x.<\/li>\n<\/ul>\n<ul>\n<li>II Copa del Mundo. Hamburgo, Alemania.<br \/>\n13\u00ba puesto en W1x.<\/li>\n<\/ul>\n<ul>\n<li>Primera Copa del mundo Munich, Alemania (Mayo 2011)<br \/>\n18\u00ba puesto en W1x. Final C.<\/li>\n<\/ul>\n<p>&nbsp;<\/p>\n<h2>2010<\/h2>\n<ul>\n<li>\u00a0Campeonato Argentino de Remo. C\u00f3rdoba, Argentina (mayo 2010)<br \/>\n2\u00ba puesto en W2x..<br \/>\n1\u00ba puesto en W1x., 500mts.<\/li>\n<\/ul>\n<p>&nbsp;<\/p>\n<h2>2009<\/h2>\n<ul>\n<li>Regata internacional Club Espa\u00f1a. Xochimilco, M\u00e9xico. (octubre 2009)<br \/>\n5\u00ba puesto en W1x.<br \/>\n1\u00ba puesto en cuatro sin timonel abierto femenino (4-W), 500mts<br \/>\n1\u00ba puesto en single abierto femenino, 500mts.<\/li>\n<\/ul>\n<p>&nbsp;<\/p>\n<h2>2008<\/h2>\n<ul>\n<li>Juegos Ol\u00edmpicos Beijing 2008. (agosto 2008)<br \/>\n22\u00b0 puesto en single abierto femenino (W1x).<\/li>\n<\/ul>\n<ul>\n<li>Mundial Sub23 de Remo 2008, Brandenburgo, Alemania. (julio 2008)<br \/>\n11\u00b0 puesto en single abierto femenino.<\/li>\n<\/ul>\n<ul>\n<li>Primera Copa del Mundo en Remo 2008 Munich, Alemania (mayo 2008).<br \/>\n25\u00b0 puesto en single abierto femenino.<\/li>\n<\/ul>\n<ul>\n<li>Regata internacional de Andaluc\u00eda- XIV FISA Team Cup (17 de febrero 2008).<br \/>\n8\u00ba puesto en single abierto femenino, 500mts.<\/li>\n<\/ul>\n<ul>\n<li>Regata internacional de Andaluc\u00eda- XIV FISA Team Cup (16 de febrero 2008)<br \/>\n8\u00ba puesto en single abierto femenino, 1000mts.<\/li>\n<\/ul>\n<ul>\n<li>Regata de Liga Andaluc\u00eda (2 de febrero 2008)<br \/>\n1\u00ba puesto en single abierto femenino, 1000mts.<\/li>\n<\/ul>\n<ul>\n<li>42\u00aa Regata de Sevilla Betis 2008 (13 de enero 2008)<br \/>\n1\u00ba puesto en ocho abierto femenino.<\/li>\n<\/ul>\n<p>&nbsp;<\/p>\n<h2>2007<\/h2>\n<ul>\n<li>Abierto de Andaluc\u00eda 2007. (diciembre 2007)<br \/>\n5\u00ba puesto en single abierto femenino.<br \/>\n5\u00ba puesto en cu\u00e1druple abierto femenino.<\/li>\n<\/ul>\n<ul>\n<li>Preol\u00edmpico R\u00edo de Janeiro 2007. (15 de noviembre 2007)<br \/>\n5\u00b0 puesto en el single abierto femenino.<\/li>\n<\/ul>\n<ul>\n<li>Mundial Absoluto de Remo 2007 Munich, Alemania (27 de agosto 2007).<br \/>\n21\u00b0 puesto en single abierto femenino.<\/li>\n<\/ul>\n<ul>\n<li>\u00a0Mundial Sub23 de Remo 2007 Glasgow, Escocia (25 de julio 2007).<br \/>\n11\u00b0 puesto en Single abierto femenino.<\/li>\n<\/ul>\n<ul>\n<li>\u00a0Panamericano 2007 R\u00cdo de Janeiro, Brasil (13 de julio 2007).<br \/>\n3\u00b0 puesto en single abierto femenino.<\/li>\n<\/ul>\n<ul>\n<li>Primera Copa del Mundo en Remo 2007 Linz, Austria (mayo 2007).<br \/>\n26\u00b0 puesto en single abierto femenino.<\/li>\n<\/ul>\n<ul>\n<li>\u00a0Regata Paolo D\u00b4Aloja\u00a0 Piediluco, Italia. (22 de abril 2007)<br \/>\n15\u00b0 puesto en single abierto femenino.<\/li>\n<\/ul>\n<ul>\n<li>\u00a0Copa del Rey. Banyoles, Barcelona (1 de abril 1007)<br \/>\n3\u00b0 puesto en single abierto femenino.<\/li>\n<\/ul>\n<ul>\n<li>\u00a0FISA Team Cup 2007 Sevilla, Espa\u00f1a (18 de febrero 2007).<br \/>\n4\u00b0 puesto en single abierto femenino 500mts.<br \/>\n8\u00b0 puesto en single abierto femenino 1000mts.<\/li>\n<\/ul>\n<p>&nbsp;<\/p>\n<h2>2006<\/h2>\n<ul>\n<li>Mundial Absoluto de Remo 2006 Eton, Inglaterra (20 de agosto 2006).<br \/>\n16\u00b0 puesto en single abierto femenino.<\/li>\n<\/ul>\n<ul>\n<li>\u00a0Primera Copa del Mundo en Remo 2006 Munich, Alemania (18 de mayo 2006).<br \/>\n26\u00b0 puesto en single abierto femenino.<\/li>\n<\/ul>\n<ul>\n<li>\u00a0Regata Paolo D\u00b4Aloja Piediluco, Italia (abril 2006)<br \/>\n15\u00b0 puesto en single abierto femenino.<\/li>\n<\/ul>\n<ul>\n<li>\u00a0FISA Team Cup 2006 Sevilla, Espa\u00f1a (18 de febrero 2006).<br \/>\n13\u00b0 puesto en single abierto femenino.9\u00b0 puesto en single abierto femenino (500mts).<\/li>\n<\/ul>\n<p>&nbsp;<\/p>\n<h2>2005<\/h2>\n<ul>\n<li>\u00a0Mundial Absoluto de Remo 2005 Gifu, Jap\u00f3n (25 de agosto 2006).<br \/>\n14\u00b0 puesto en single abierto femenino.<\/li>\n<\/ul>\n<ul>\n<li>\u00a0Campeonato Uruguayo. Colonia, Uruguay (10 de abril 2005)<br \/>\n1\u00b0 puesto en single abierto femenino 2000mts.<br \/>\n1\u00b0 puesto en single abierto femenino 500mts.<\/li>\n<\/ul>\n<ul>\n<li>\u00a0Campeonato Argentino. Tigre, Argentina (2 de abril 2005)<br \/>\n2\u00b0 puesto en single abierto femenino.<\/li>\n<\/ul>\n<ul>\n<li>Suramericano 2005 San Pablo, Brasil (28 de mayo).<br \/>\n3\u00b0 puesto en single abierto femenino.5\u00b0 puesto en doble abierto femenino.<\/li>\n<\/ul>\n<ul>\n<li>\u00a0Copa Espa\u00f1a Xochimilco, M\u00e9jico (10 de mayo 2005).<br \/>\n1\u00b0 puesto en cu\u00e1druple femenino.4\u00b0 puesto en cuatro sin timonel femenino.<\/li>\n<\/ul>\n<p>&nbsp;<\/p>\n<h2>2004<\/h2>\n<ul>\n<li>\u00a0Campeonato Argentino. Tigre, Argentina (15 de septiembre 2004).<br \/>\n1\u00b0 puesto en doble novato femenino.<\/li>\n<\/ul>\n<p>&nbsp;<\/p>\n<h1>RECORDS INTERNACIONALES<\/h1>\n<ul>\n<li><strong>Remoerg\u00f3metro:<\/strong> 6\u00b454\u00b4\u00b48 (Sevilla, mayo de 2012)<\/li>\n<li><strong>Agua:<\/strong> 7\u00b435\u00b4\u00b44 (Tigre, Argentina. Marzo de 2012)<\/li>\n<\/ul>\n<h1>RECONOCIMIENTOS<\/h1>\n<ul>\n<li><strong>2012<\/strong> Premios de Deporte Club N\u00e1utico de Sevilla. Atleta del a\u00f1o.<\/li>\n<li><strong>2008<\/strong>\u00a0Espiga Dorada:\u00a0como Estrella del homenaje a los deportistas m\u00e1s destacados por Industrias La Constancia ILC y el C\u00edrculo de Informadores Deportivos CID.<\/li>\n<li><strong>2009 <\/strong>Reconocimiento Especial de La Asamblea Legislativa de la Rep\u00fablica de El Salvador.<\/li>\n<li><strong>2008<\/strong> Espiga Dorada:\u00a0como Estrella del homenaje a los deportistas m\u00e1s destacados por Industrias La Constancia ILC y el C\u00edrculo de Informadores Deportivos CID.<\/li>\n<li>2008 Reconocimiento Especial del C<\/li>\n<li><strong>2007<\/strong> Premios Panam COES<\/li>\n<li><strong>2007<\/strong> Reconocimiento del gobierno del Presidente Don El\u00edas Antonio Saca por triunfos y Presea a la Excelencia Deportiva INDES<\/li>\n<li><strong>2007<\/strong> Espiga Dorada: como Estrella del homenaje a los deportistas m\u00e1s destacados por Industrias La Constancia ILC y el C\u00edrculo de Informadores Deportivos CID.<\/li>\n<\/ul>\n<\/div>\n","protected":false},"excerpt":{"rendered":"<p>Trayectoria Deportiva &nbsp; Camila Vargas, hija de madre salvadore\u00f1a, Carmen Eugenia Palomo y padre venezolano,&#8230;<\/p>\n","protected":false},"author":1,"featured_media":0,"parent":0,"menu_order":0,"comment_status":"open","ping_status":"open","template":"","meta":{"ngg_post_thumbnail":0,"footnotes":""},"class_list":["post-19","page","type-page","status-publish","hentry"],"_links":{"self":[{"href":"https:\/\/camilavargas.com\/remo\/wp-json\/wp\/v2\/pages\/19","targetHints":{"allow":["GET"]}}],"collection":[{"href":"https:\/\/camilavargas.com\/remo\/wp-json\/wp\/v2\/pages"}],"about":[{"href":"https:\/\/camilavargas.com\/remo\/wp-json\/wp\/v2\/types\/page"}],"author":[{"embeddable":true,"href":"https:\/\/camilavargas.com\/remo\/wp-json\/wp\/v2\/users\/1"}],"replies":[{"embeddable":true,"href":"https:\/\/camilavargas.com\/remo\/wp-json\/wp\/v2\/comments?post=19"}],"version-history":[{"count":4,"href":"https:\/\/camilavargas.com\/remo\/wp-json\/wp\/v2\/pages\/19\/revisions"}],"predecessor-version":[{"id":288,"href":"https:\/\/camilavargas.com\/remo\/wp-json\/wp\/v2\/pages\/19\/revisions\/288"}],"wp:attachment":[{"href":"https:\/\/camilavargas.com\/remo\/wp-json\/wp\/v2\/media?parent=19"}],"curies":[{"name":"wp","href":"https:\/\/api.w.org\/{rel}","templated":true}]}}