{"id":21,"date":"2011-06-03T17:26:55","date_gmt":"2011-06-03T15:26:55","guid":{"rendered":"http:\/\/camilavargas.com\/_b\/?page_id=21"},"modified":"2011-06-03T17:26:55","modified_gmt":"2011-06-03T15:26:55","slug":"mensaje-a-la-juventud","status":"publish","type":"page","link":"https:\/\/camilavargas.com\/remo\/mensaje-a-la-juventud","title":{"rendered":"Mensaje a la juventud"},"content":{"rendered":"<p>Muchos  al llegar a la edad adulta olvidan por lo que han tenido que  pasar  cuando j\u00f3venes, y algo que no se debe de olvidar es que la  juventud es  un \u00e9poca bella y fugaz, donde los latidos son cada vez m\u00e1s  fuertes, que  hacen frente a desaf\u00edos, mitos, leyendas, a lo ignorado, lo   sobrenatural, acumulando preguntas y sedientos de de informaci\u00f3n. \u00danica   y no hay marcha atr\u00e1s. En nuestras manos est\u00e1 el material secreto para  la construcci\u00f3n de un  pa\u00eds mejor, que comienza dentro de cada uno de  nosotros. El presente es  tiempo para crear futuros recuerdos, \u00fasalos a  tu conveniencia. Baila,  r\u00ede, goza&#8230; pero v\u00edvelo, como si fuera el  \u00faltimo momento. Somos  nosotros el futuro.<\/p>\n<p>Muchas  veces se gana, otras se pierde, y s\u00e9 que la competencia puede  ser  larga y agotadora, pero s\u00f3lo compites contra ti mismo. S\u00e9 fiel a tus   principios y no olvides que tu familia estar\u00e1 junto a ti siempre, en   los buenos y malos momentos.<\/p>\n<p>Guarda  en tu coraz\u00f3n todos los elogios y deja que pasen de largo  los  insultos. Que ni el mundo entero haga que desistas de tus sue\u00f1os   buscando la motivaci\u00f3n adecuada.<\/p>\n<p><em>\u00abLa vida es tiempo y espacio para hacer algo, ser algo y dejar algo\u00bb.<\/em> Trabaja desde ya en dejar una huella positiva en las personas que te   rodean. \u00dasate como buen ejemplo para la sociedad. Demuestra c\u00f3mo un   joven tiene toda una vida por delante. S\u00e9 constante y trata en lo m\u00e1s   posible de alejarte de los vicios y todo lo que atente contra tu salud.<\/p>\n<p>Dicen que la juventud, a parte de ser <em>\u00abun proceso relacionado con el per\u00edodo de la educaci\u00f3n en la vida\u00bb<\/em>, es un estado de \u00e1nimo. Deja que la juventud te acompa\u00f1e a lo largo de la vida.<\/p>\n","protected":false},"excerpt":{"rendered":"<p>Muchos al llegar a la edad adulta olvidan por lo que han tenido que pasar&#8230;<\/p>\n","protected":false},"author":1,"featured_media":0,"parent":0,"menu_order":0,"comment_status":"open","ping_status":"open","template":"","meta":{"ngg_post_thumbnail":0,"footnotes":""},"class_list":["post-21","page","type-page","status-publish","hentry"],"_links":{"self":[{"href":"https:\/\/camilavargas.com\/remo\/wp-json\/wp\/v2\/pages\/21","targetHints":{"allow":["GET"]}}],"collection":[{"href":"https:\/\/camilavargas.com\/remo\/wp-json\/wp\/v2\/pages"}],"about":[{"href":"https:\/\/camilavargas.com\/remo\/wp-json\/wp\/v2\/types\/page"}],"author":[{"embeddable":true,"href":"https:\/\/camilavargas.com\/remo\/wp-json\/wp\/v2\/users\/1"}],"replies":[{"embeddable":true,"href":"https:\/\/camilavargas.com\/remo\/wp-json\/wp\/v2\/comments?post=21"}],"version-history":[{"count":1,"href":"https:\/\/camilavargas.com\/remo\/wp-json\/wp\/v2\/pages\/21\/revisions"}],"predecessor-version":[{"id":22,"href":"https:\/\/camilavargas.com\/remo\/wp-json\/wp\/v2\/pages\/21\/revisions\/22"}],"wp:attachment":[{"href":"https:\/\/camilavargas.com\/remo\/wp-json\/wp\/v2\/media?parent=21"}],"curies":[{"name":"wp","href":"https:\/\/api.w.org\/{rel}","templated":true}]}}